{"id":472,"date":"2023-06-01T20:39:30","date_gmt":"2023-06-01T20:39:30","guid":{"rendered":"https:\/\/fijaing.com\/?page_id=472"},"modified":"2023-08-08T17:24:55","modified_gmt":"2023-08-08T17:24:55","slug":"schmitterov-asortiman","status":"publish","type":"page","link":"https:\/\/fijaing.com\/en\/schmitterov-asortiman\/","title":{"rendered":"Schmitter's products"},"content":{"rendered":"<div data-elementor-type=\"wp-page\" data-elementor-id=\"472\" class=\"elementor elementor-472\">\n\t\t\t\t\t\t<section class=\"elementor-section elementor-top-section elementor-element elementor-element-fdfb0bd elementor-section-height-min-height elementor-section-boxed elementor-section-height-default elementor-section-items-middle\" data-id=\"fdfb0bd\" data-element_type=\"section\" data-e-type=\"section\">\n\t\t\t\t\t\t\t<div class=\"elementor-background-overlay\"><\/div>\n\t\t\t\t\t\t\t<div class=\"elementor-container elementor-column-gap-default\">\n\t\t\t\t\t<div class=\"elementor-column elementor-col-50 elementor-top-column elementor-element elementor-element-527ce70 elementor-hidden-mobile elementor-invisible\" data-id=\"527ce70\" data-element_type=\"column\" data-e-type=\"column\" data-settings=\"{&quot;animation&quot;:&quot;fadeInLeft&quot;}\">\n\t\t\t<div class=\"elementor-widget-wrap elementor-element-populated\">\n\t\t\t\t\t\t<div class=\"elementor-element elementor-element-33097a3 elementor-hidden-phone elementor-invisible elementor-widget elementor-widget-image\" data-id=\"33097a3\" data-element_type=\"widget\" data-e-type=\"widget\" data-settings=\"{&quot;_animation&quot;:&quot;fadeInRight&quot;}\" data-widget_type=\"image.default\">\n\t\t\t\t<div class=\"elementor-widget-container\">\n\t\t\t\t\t\t\t\t\t\t\t\t\t\t\t<img fetchpriority=\"high\" decoding=\"async\" width=\"1024\" height=\"683\" src=\"https:\/\/fijaing.com\/wp-content\/uploads\/2023\/06\/hidraulicna_crijeva-1024x683.jpg\" class=\"attachment-large size-large wp-image-475\" alt=\"\" srcset=\"https:\/\/fijaing.com\/wp-content\/uploads\/2023\/06\/hidraulicna_crijeva-1024x683.jpg 1024w, https:\/\/fijaing.com\/wp-content\/uploads\/2023\/06\/hidraulicna_crijeva-300x200.jpg 300w, https:\/\/fijaing.com\/wp-content\/uploads\/2023\/06\/hidraulicna_crijeva-768x512.jpg 768w, https:\/\/fijaing.com\/wp-content\/uploads\/2023\/06\/hidraulicna_crijeva-1536x1024.jpg 1536w, https:\/\/fijaing.com\/wp-content\/uploads\/2023\/06\/hidraulicna_crijeva-2048x1366.jpg 2048w\" sizes=\"(max-width: 1024px) 100vw, 1024px\" \/>\t\t\t\t\t\t\t\t\t\t\t\t\t\t\t<\/div>\n\t\t\t\t<\/div>\n\t\t\t\t\t<\/div>\n\t\t<\/div>\n\t\t\t\t<div class=\"elementor-column elementor-col-50 elementor-top-column elementor-element elementor-element-b2c2d45 elementor-invisible\" data-id=\"b2c2d45\" data-element_type=\"column\" data-e-type=\"column\" data-settings=\"{&quot;animation&quot;:&quot;fadeIn&quot;}\">\n\t\t\t<div class=\"elementor-widget-wrap elementor-element-populated\">\n\t\t\t\t\t\t<div class=\"elementor-element elementor-element-937ba2f elementor-invisible elementor-widget elementor-widget-heading\" data-id=\"937ba2f\" data-element_type=\"widget\" data-e-type=\"widget\" data-settings=\"{&quot;_animation&quot;:&quot;fadeInDown&quot;}\" data-widget_type=\"heading.default\">\n\t\t\t\t<div class=\"elementor-widget-container\">\n\t\t\t\t\t<h2 class=\"elementor-heading-title elementor-size-default\">Schmitter's Range of Products<\/h2>\t\t\t\t<\/div>\n\t\t\t\t<\/div>\n\t\t\t\t<div class=\"elementor-element elementor-element-b90057c elementor-invisible elementor-widget elementor-widget-text-editor\" data-id=\"b90057c\" data-element_type=\"widget\" data-e-type=\"widget\" data-settings=\"{&quot;_animation&quot;:&quot;fadeInUp&quot;}\" data-widget_type=\"text-editor.default\">\n\t\t\t\t<div class=\"elementor-widget-container\">\n\t\t\t\t\t\t\t\t\t<p>As a confirmation of quality, our hydraulic range includes components exclusively from the German manufacturer Schmitter, covering the complete hydraulic segment.<\/p>\t\t\t\t\t\t\t\t<\/div>\n\t\t\t\t<\/div>\n\t\t\t\t\t<\/div>\n\t\t<\/div>\n\t\t\t\t\t<\/div>\n\t\t<\/section>\n\t\t\t\t<section class=\"elementor-section elementor-top-section elementor-element elementor-element-4fa2432 elementor-section-height-min-height elementor-section-boxed elementor-section-height-default elementor-section-items-middle\" data-id=\"4fa2432\" data-element_type=\"section\" data-e-type=\"section\">\n\t\t\t\t\t\t\t<div class=\"elementor-background-overlay\"><\/div>\n\t\t\t\t\t\t\t<div class=\"elementor-container elementor-column-gap-wider\">\n\t\t\t\t\t<div class=\"elementor-column elementor-col-50 elementor-top-column elementor-element elementor-element-307ae48 elementor-invisible\" data-id=\"307ae48\" data-element_type=\"column\" data-e-type=\"column\" data-settings=\"{&quot;animation&quot;:&quot;fadeInLeft&quot;}\">\n\t\t\t<div class=\"elementor-widget-wrap elementor-element-populated\">\n\t\t\t\t\t\t<div class=\"elementor-element elementor-element-2b94404 elementor-invisible elementor-widget elementor-widget-heading\" data-id=\"2b94404\" data-element_type=\"widget\" data-e-type=\"widget\" data-settings=\"{&quot;_animation&quot;:&quot;fadeInDown&quot;}\" data-widget_type=\"heading.default\">\n\t\t\t\t<div class=\"elementor-widget-container\">\n\t\t\t\t\t<h2 class=\"elementor-heading-title elementor-size-default\">What's new in our offer?<\/h2>\t\t\t\t<\/div>\n\t\t\t\t<\/div>\n\t\t\t\t<div class=\"elementor-element elementor-element-bba4c38 elementor-invisible elementor-widget elementor-widget-heading\" data-id=\"bba4c38\" data-element_type=\"widget\" data-e-type=\"widget\" data-settings=\"{&quot;_animation&quot;:&quot;fadeInDown&quot;}\" data-widget_type=\"heading.default\">\n\t\t\t\t<div class=\"elementor-widget-container\">\n\t\t\t\t\t<h2 class=\"elementor-heading-title elementor-size-default\">Schmitter's Hydraulic Range<\/h2>\t\t\t\t<\/div>\n\t\t\t\t<\/div>\n\t\t\t\t<div class=\"elementor-element elementor-element-b643313 elementor-widget-divider--view-line elementor-invisible elementor-widget elementor-widget-divider\" data-id=\"b643313\" data-element_type=\"widget\" data-e-type=\"widget\" data-settings=\"{&quot;_animation&quot;:&quot;fadeInDown&quot;}\" data-widget_type=\"divider.default\">\n\t\t\t\t<div class=\"elementor-widget-container\">\n\t\t\t\t\t\t\t<div class=\"elementor-divider\">\n\t\t\t<span class=\"elementor-divider-separator\">\n\t\t\t\t\t\t<\/span>\n\t\t<\/div>\n\t\t\t\t\t\t<\/div>\n\t\t\t\t<\/div>\n\t\t\t\t<div class=\"elementor-element elementor-element-41cdf6b elementor-invisible elementor-widget elementor-widget-text-editor\" data-id=\"41cdf6b\" data-element_type=\"widget\" data-e-type=\"widget\" data-settings=\"{&quot;_animation&quot;:&quot;fadeInLeft&quot;}\" data-widget_type=\"text-editor.default\">\n\t\t\t\t<div class=\"elementor-widget-container\">\n\t\t\t\t\t\t\t\t\t<p>The offer consists of on-site field work, specifically the production and modification of high-pressure hydraulic hoses at your location.<\/p><p class=\"translation-block\">We exclusively use hoses and fittings from the German manufacturer Schmitter, and our comprehensive hydraulic range includes distributors, pumps, hydraulic motors, valves, and more.<\/p><p>We also provide repair services, including major interventions on excavators and agricultural machinery, as well as machining complex and technically demanding parts for various industrial needs, according to the client's requirements or their design documentation.<\/p>\t\t\t\t\t\t\t\t<\/div>\n\t\t\t\t<\/div>\n\t\t\t\t\t<\/div>\n\t\t<\/div>\n\t\t\t\t<div class=\"elementor-column elementor-col-50 elementor-top-column elementor-element elementor-element-009217a elementor-invisible\" data-id=\"009217a\" data-element_type=\"column\" data-e-type=\"column\" data-settings=\"{&quot;animation&quot;:&quot;fadeInRight&quot;}\">\n\t\t\t<div class=\"elementor-widget-wrap elementor-element-populated\">\n\t\t\t\t\t\t<div class=\"elementor-element elementor-element-1adb0b0 elementor-arrows-position-inside elementor-widget elementor-widget-image-carousel\" data-id=\"1adb0b0\" data-element_type=\"widget\" data-e-type=\"widget\" data-settings=\"{&quot;slides_to_show&quot;:&quot;1&quot;,&quot;navigation&quot;:&quot;arrows&quot;,&quot;autoplay&quot;:&quot;yes&quot;,&quot;pause_on_hover&quot;:&quot;yes&quot;,&quot;pause_on_interaction&quot;:&quot;yes&quot;,&quot;autoplay_speed&quot;:5000,&quot;infinite&quot;:&quot;yes&quot;,&quot;effect&quot;:&quot;slide&quot;,&quot;speed&quot;:500}\" data-widget_type=\"image-carousel.default\">\n\t\t\t\t<div class=\"elementor-widget-container\">\n\t\t\t\t\t\t\t<div class=\"elementor-image-carousel-wrapper swiper\" role=\"region\" aria-roledescription=\"carousel\" aria-label=\"Vrtuljak slika\" dir=\"ltr\">\n\t\t\t<div class=\"elementor-image-carousel swiper-wrapper\" aria-live=\"off\">\n\t\t\t\t\t\t\t\t<div class=\"swiper-slide\" role=\"group\" aria-roledescription=\"slide\" aria-label=\"1 od 3\"><figure class=\"swiper-slide-inner\"><img decoding=\"async\" class=\"swiper-slide-image\" src=\"https:\/\/fijaing.com\/wp-content\/uploads\/elementor\/thumbs\/rezac-q7c8cz9ie4exv1imwgj9yka937nrs5aj69ex1zqyo8.jpeg\" alt=\"reza\u010d\" \/><\/figure><\/div><div class=\"swiper-slide\" role=\"group\" aria-roledescription=\"slide\" aria-label=\"2 od 3\"><figure class=\"swiper-slide-inner\"><img decoding=\"async\" class=\"swiper-slide-image\" src=\"https:\/\/fijaing.com\/wp-content\/uploads\/elementor\/thumbs\/velika_presa-q7c8ctmh9477xdqtte3ijlphiwfkhyo55hi06bzbpk.jpeg\" alt=\"velika_pre\u0161a\" \/><\/figure><\/div><div class=\"swiper-slide\" role=\"group\" aria-roledescription=\"slide\" aria-label=\"3 od 3\"><figure class=\"swiper-slide-inner\"><img decoding=\"async\" class=\"swiper-slide-image\" src=\"https:\/\/fijaing.com\/wp-content\/uploads\/elementor\/thumbs\/mala_presa-q7c8cwfztmb2w7mqcxbe92zvb21o51zc5vggm5v56w.jpeg\" alt=\"mala_pre\u0161a\" \/><\/figure><\/div>\t\t\t<\/div>\n\t\t\t\t\t\t\t\t\t\t\t\t<div class=\"elementor-swiper-button elementor-swiper-button-prev\" role=\"button\" tabindex=\"0\">\n\t\t\t\t\t\t<i aria-hidden=\"true\" class=\"eicon-chevron-left\"><\/i>\t\t\t\t\t<\/div>\n\t\t\t\t\t<div class=\"elementor-swiper-button elementor-swiper-button-next\" role=\"button\" tabindex=\"0\">\n\t\t\t\t\t\t<i aria-hidden=\"true\" class=\"eicon-chevron-right\"><\/i>\t\t\t\t\t<\/div>\n\t\t\t\t\n\t\t\t\t\t\t\t\t\t<\/div>\n\t\t\t\t\t\t<\/div>\n\t\t\t\t<\/div>\n\t\t\t\t<div class=\"elementor-element elementor-element-c315b78 elementor-widget elementor-widget-heading\" data-id=\"c315b78\" data-element_type=\"widget\" data-e-type=\"widget\" data-widget_type=\"heading.default\">\n\t\t\t\t<div class=\"elementor-widget-container\">\n\t\t\t\t\t<h2 class=\"elementor-heading-title elementor-size-default\">Equipment from our workshop.<\/h2>\t\t\t\t<\/div>\n\t\t\t\t<\/div>\n\t\t\t\t\t<\/div>\n\t\t<\/div>\n\t\t\t\t\t<\/div>\n\t\t<\/section>\n\t\t\t\t<section class=\"elementor-section elementor-top-section elementor-element elementor-element-6286920 elementor-section-boxed elementor-section-height-default elementor-section-height-default\" data-id=\"6286920\" data-element_type=\"section\" data-e-type=\"section\">\n\t\t\t\t\t\t<div class=\"elementor-container elementor-column-gap-default\">\n\t\t\t\t\t<div class=\"elementor-column elementor-col-100 elementor-top-column elementor-element elementor-element-2650ae1\" data-id=\"2650ae1\" data-element_type=\"column\" data-e-type=\"column\">\n\t\t\t<div class=\"elementor-widget-wrap\">\n\t\t\t\t\t\t\t<\/div>\n\t\t<\/div>\n\t\t\t\t\t<\/div>\n\t\t<\/section>\n\t\t\t\t<\/div>","protected":false},"excerpt":{"rendered":"<p>Novo u ponudi Schmitterov asortiman Kao potvrda kvalitete, za hidrauli\u010dki asortiman u ponudi su komponente isklju\u010divo njema\u010dkog proizvo\u0111a\u010da Schmitter, koji pokriva kompletni segment hidraulike. \u0160to imamo novo u ponudi? Hidrauli\u010dki asortiman Schmitter Ponuda se sastoji od usluge terenskog rada, odnosno izradu i preinaku hidrauli\u010dkih crijeva visokog pritiska na Va\u0161oj lokaciji. Koriste se crijeva i priklju\u010dci [&hellip;]<\/p>\n","protected":false},"author":1,"featured_media":0,"parent":0,"menu_order":0,"comment_status":"closed","ping_status":"closed","template":"","meta":{"ocean_post_layout":"full-screen","ocean_both_sidebars_style":"","ocean_both_sidebars_content_width":0,"ocean_both_sidebars_sidebars_width":0,"ocean_sidebar":"0","ocean_second_sidebar":"0","ocean_disable_margins":"enable","ocean_add_body_class":"","ocean_shortcode_before_top_bar":"","ocean_shortcode_after_top_bar":"","ocean_shortcode_before_header":"","ocean_shortcode_after_header":"","ocean_has_shortcode":"","ocean_shortcode_after_title":"","ocean_shortcode_before_footer_widgets":"","ocean_shortcode_after_footer_widgets":"","ocean_shortcode_before_footer_bottom":"","ocean_shortcode_after_footer_bottom":"","ocean_display_top_bar":"default","ocean_display_header":"default","ocean_header_style":"transparent","ocean_center_header_left_menu":"0","ocean_custom_header_template":"0","ocean_custom_logo":0,"ocean_custom_retina_logo":0,"ocean_custom_logo_max_width":0,"ocean_custom_logo_tablet_max_width":0,"ocean_custom_logo_mobile_max_width":0,"ocean_custom_logo_max_height":0,"ocean_custom_logo_tablet_max_height":0,"ocean_custom_logo_mobile_max_height":0,"ocean_header_custom_menu":"3","ocean_menu_typo_font_family":"0","ocean_menu_typo_font_subset":"","ocean_menu_typo_font_size":0,"ocean_menu_typo_font_size_tablet":0,"ocean_menu_typo_font_size_mobile":0,"ocean_menu_typo_font_size_unit":"px","ocean_menu_typo_font_weight":"","ocean_menu_typo_font_weight_tablet":"","ocean_menu_typo_font_weight_mobile":"","ocean_menu_typo_transform":"","ocean_menu_typo_transform_tablet":"","ocean_menu_typo_transform_mobile":"","ocean_menu_typo_line_height":0,"ocean_menu_typo_line_height_tablet":0,"ocean_menu_typo_line_height_mobile":0,"ocean_menu_typo_line_height_unit":"","ocean_menu_typo_spacing":0,"ocean_menu_typo_spacing_tablet":0,"ocean_menu_typo_spacing_mobile":0,"ocean_menu_typo_spacing_unit":"","ocean_menu_link_color":"","ocean_menu_link_color_hover":"","ocean_menu_link_color_active":"","ocean_menu_link_background":"","ocean_menu_link_hover_background":"","ocean_menu_link_active_background":"","ocean_menu_social_links_bg":"","ocean_menu_social_hover_links_bg":"","ocean_menu_social_links_color":"","ocean_menu_social_hover_links_color":"","ocean_disable_title":"on","ocean_disable_heading":"default","ocean_post_title":"","ocean_post_subheading":"","ocean_post_title_style":"","ocean_post_title_background_color":"","ocean_post_title_background":0,"ocean_post_title_bg_image_position":"","ocean_post_title_bg_image_attachment":"","ocean_post_title_bg_image_repeat":"","ocean_post_title_bg_image_size":"","ocean_post_title_height":0,"ocean_post_title_bg_overlay":0.5,"ocean_post_title_bg_overlay_color":"","ocean_disable_breadcrumbs":"default","ocean_breadcrumbs_color":"","ocean_breadcrumbs_separator_color":"","ocean_breadcrumbs_links_color":"","ocean_breadcrumbs_links_hover_color":"","ocean_display_footer_widgets":"default","ocean_display_footer_bottom":"default","ocean_custom_footer_template":"0","footnotes":""},"class_list":["post-472","page","type-page","status-publish","hentry","entry"],"yoast_head":"<!-- This site is optimized with the Yoast SEO plugin v27.5 - https:\/\/yoast.com\/product\/yoast-seo-wordpress\/ -->\n<title>Schmitterov asortiman | fijaing.com<\/title>\n<meta name=\"robots\" content=\"index, follow, max-snippet:-1, max-image-preview:large, max-video-preview:-1\" \/>\n<link rel=\"canonical\" href=\"https:\/\/fijaing.com\/en\/schmitterov-asortiman\/\" \/>\n<meta property=\"og:locale\" content=\"en_US\" \/>\n<meta property=\"og:type\" content=\"article\" \/>\n<meta property=\"og:title\" content=\"Schmitterov asortiman | fijaing.com\" \/>\n<meta property=\"og:description\" content=\"Novo u ponudi Schmitterov asortiman Kao potvrda kvalitete, za hidrauli\u010dki asortiman u ponudi su komponente isklju\u010divo njema\u010dkog proizvo\u0111a\u010da Schmitter, koji pokriva kompletni segment hidraulike. \u0160to imamo novo u ponudi? Hidrauli\u010dki asortiman Schmitter Ponuda se sastoji od usluge terenskog rada, odnosno izradu i preinaku hidrauli\u010dkih crijeva visokog pritiska na Va\u0161oj lokaciji. Koriste se crijeva i priklju\u010dci [&hellip;]\" \/>\n<meta property=\"og:url\" content=\"https:\/\/fijaing.com\/en\/schmitterov-asortiman\/\" \/>\n<meta property=\"og:site_name\" content=\"fijaing.com\" \/>\n<meta property=\"article:publisher\" content=\"https:\/\/web.facebook.com\/profile.php?id=100069280774761\" \/>\n<meta property=\"article:modified_time\" content=\"2023-08-08T17:24:55+00:00\" \/>\n<meta property=\"og:image\" content=\"https:\/\/fijaing.com\/wp-content\/uploads\/2023\/06\/hidraulicna_crijeva-1024x683.jpg\" \/>\n<meta name=\"twitter:card\" content=\"summary_large_image\" \/>\n<meta name=\"twitter:label1\" content=\"Est. reading time\" \/>\n\t<meta name=\"twitter:data1\" content=\"1 minute\" \/>\n<script type=\"application\/ld+json\" class=\"yoast-schema-graph\">{\"@context\":\"https:\\\/\\\/schema.org\",\"@graph\":[{\"@type\":\"WebPage\",\"@id\":\"https:\\\/\\\/fijaing.com\\\/schmitterov-asortiman\\\/\",\"url\":\"https:\\\/\\\/fijaing.com\\\/schmitterov-asortiman\\\/\",\"name\":\"Schmitterov asortiman | fijaing.com\",\"isPartOf\":{\"@id\":\"https:\\\/\\\/fijaing.com\\\/#website\"},\"primaryImageOfPage\":{\"@id\":\"https:\\\/\\\/fijaing.com\\\/schmitterov-asortiman\\\/#primaryimage\"},\"image\":{\"@id\":\"https:\\\/\\\/fijaing.com\\\/schmitterov-asortiman\\\/#primaryimage\"},\"thumbnailUrl\":\"https:\\\/\\\/fijaing.com\\\/wp-content\\\/uploads\\\/2023\\\/06\\\/hidraulicna_crijeva-1024x683.jpg\",\"datePublished\":\"2023-06-01T20:39:30+00:00\",\"dateModified\":\"2023-08-08T17:24:55+00:00\",\"breadcrumb\":{\"@id\":\"https:\\\/\\\/fijaing.com\\\/schmitterov-asortiman\\\/#breadcrumb\"},\"inLanguage\":\"en-US\",\"potentialAction\":[{\"@type\":\"ReadAction\",\"target\":[\"https:\\\/\\\/fijaing.com\\\/schmitterov-asortiman\\\/\"]}]},{\"@type\":\"ImageObject\",\"inLanguage\":\"en-US\",\"@id\":\"https:\\\/\\\/fijaing.com\\\/schmitterov-asortiman\\\/#primaryimage\",\"url\":\"https:\\\/\\\/fijaing.com\\\/wp-content\\\/uploads\\\/2023\\\/06\\\/hidraulicna_crijeva-1024x683.jpg\",\"contentUrl\":\"https:\\\/\\\/fijaing.com\\\/wp-content\\\/uploads\\\/2023\\\/06\\\/hidraulicna_crijeva-1024x683.jpg\"},{\"@type\":\"BreadcrumbList\",\"@id\":\"https:\\\/\\\/fijaing.com\\\/schmitterov-asortiman\\\/#breadcrumb\",\"itemListElement\":[{\"@type\":\"ListItem\",\"position\":1,\"name\":\"Po\u010detna stranica\",\"item\":\"https:\\\/\\\/fijaing.com\\\/\"},{\"@type\":\"ListItem\",\"position\":2,\"name\":\"Schmitterov asortiman\"}]},{\"@type\":\"WebSite\",\"@id\":\"https:\\\/\\\/fijaing.com\\\/#website\",\"url\":\"https:\\\/\\\/fijaing.com\\\/\",\"name\":\"fijaing.com\",\"description\":\"Strojna obrada i in\u017eenjerske usluge\",\"publisher\":{\"@id\":\"https:\\\/\\\/fijaing.com\\\/#organization\"},\"potentialAction\":[{\"@type\":\"SearchAction\",\"target\":{\"@type\":\"EntryPoint\",\"urlTemplate\":\"https:\\\/\\\/fijaing.com\\\/?s={search_term_string}\"},\"query-input\":{\"@type\":\"PropertyValueSpecification\",\"valueRequired\":true,\"valueName\":\"search_term_string\"}}],\"inLanguage\":\"en-US\"},{\"@type\":\"Organization\",\"@id\":\"https:\\\/\\\/fijaing.com\\\/#organization\",\"name\":\"fija ing d.o.o.\",\"url\":\"https:\\\/\\\/fijaing.com\\\/\",\"logo\":{\"@type\":\"ImageObject\",\"inLanguage\":\"en-US\",\"@id\":\"https:\\\/\\\/fijaing.com\\\/#\\\/schema\\\/logo\\\/image\\\/\",\"url\":\"https:\\\/\\\/fijaing.com\\\/wp-content\\\/uploads\\\/2021\\\/07\\\/fijaing_pattern_logo.png\",\"contentUrl\":\"https:\\\/\\\/fijaing.com\\\/wp-content\\\/uploads\\\/2021\\\/07\\\/fijaing_pattern_logo.png\",\"width\":260,\"height\":100,\"caption\":\"fija ing d.o.o.\"},\"image\":{\"@id\":\"https:\\\/\\\/fijaing.com\\\/#\\\/schema\\\/logo\\\/image\\\/\"},\"sameAs\":[\"https:\\\/\\\/web.facebook.com\\\/profile.php?id=100069280774761\"]}]}<\/script>\n<!-- \/ Yoast SEO plugin. -->","yoast_head_json":{"title":"Schmitterov asortiman | fijaing.com","robots":{"index":"index","follow":"follow","max-snippet":"max-snippet:-1","max-image-preview":"max-image-preview:large","max-video-preview":"max-video-preview:-1"},"canonical":"https:\/\/fijaing.com\/en\/schmitterov-asortiman\/","og_locale":"en_US","og_type":"article","og_title":"Schmitterov asortiman | fijaing.com","og_description":"Novo u ponudi Schmitterov asortiman Kao potvrda kvalitete, za hidrauli\u010dki asortiman u ponudi su komponente isklju\u010divo njema\u010dkog proizvo\u0111a\u010da Schmitter, koji pokriva kompletni segment hidraulike. \u0160to imamo novo u ponudi? Hidrauli\u010dki asortiman Schmitter Ponuda se sastoji od usluge terenskog rada, odnosno izradu i preinaku hidrauli\u010dkih crijeva visokog pritiska na Va\u0161oj lokaciji. Koriste se crijeva i priklju\u010dci [&hellip;]","og_url":"https:\/\/fijaing.com\/en\/schmitterov-asortiman\/","og_site_name":"fijaing.com","article_publisher":"https:\/\/web.facebook.com\/profile.php?id=100069280774761","article_modified_time":"2023-08-08T17:24:55+00:00","og_image":[{"url":"https:\/\/fijaing.com\/wp-content\/uploads\/2023\/06\/hidraulicna_crijeva-1024x683.jpg","type":"","width":"","height":""}],"twitter_card":"summary_large_image","twitter_misc":{"Est. reading time":"1 minute"},"schema":{"@context":"https:\/\/schema.org","@graph":[{"@type":"WebPage","@id":"https:\/\/fijaing.com\/schmitterov-asortiman\/","url":"https:\/\/fijaing.com\/schmitterov-asortiman\/","name":"Schmitterov asortiman | fijaing.com","isPartOf":{"@id":"https:\/\/fijaing.com\/#website"},"primaryImageOfPage":{"@id":"https:\/\/fijaing.com\/schmitterov-asortiman\/#primaryimage"},"image":{"@id":"https:\/\/fijaing.com\/schmitterov-asortiman\/#primaryimage"},"thumbnailUrl":"https:\/\/fijaing.com\/wp-content\/uploads\/2023\/06\/hidraulicna_crijeva-1024x683.jpg","datePublished":"2023-06-01T20:39:30+00:00","dateModified":"2023-08-08T17:24:55+00:00","breadcrumb":{"@id":"https:\/\/fijaing.com\/schmitterov-asortiman\/#breadcrumb"},"inLanguage":"en-US","potentialAction":[{"@type":"ReadAction","target":["https:\/\/fijaing.com\/schmitterov-asortiman\/"]}]},{"@type":"ImageObject","inLanguage":"en-US","@id":"https:\/\/fijaing.com\/schmitterov-asortiman\/#primaryimage","url":"https:\/\/fijaing.com\/wp-content\/uploads\/2023\/06\/hidraulicna_crijeva-1024x683.jpg","contentUrl":"https:\/\/fijaing.com\/wp-content\/uploads\/2023\/06\/hidraulicna_crijeva-1024x683.jpg"},{"@type":"BreadcrumbList","@id":"https:\/\/fijaing.com\/schmitterov-asortiman\/#breadcrumb","itemListElement":[{"@type":"ListItem","position":1,"name":"Po\u010detna stranica","item":"https:\/\/fijaing.com\/"},{"@type":"ListItem","position":2,"name":"Schmitterov asortiman"}]},{"@type":"WebSite","@id":"https:\/\/fijaing.com\/#website","url":"https:\/\/fijaing.com\/","name":"fijaing.com","description":"Strojna obrada i in\u017eenjerske usluge","publisher":{"@id":"https:\/\/fijaing.com\/#organization"},"potentialAction":[{"@type":"SearchAction","target":{"@type":"EntryPoint","urlTemplate":"https:\/\/fijaing.com\/?s={search_term_string}"},"query-input":{"@type":"PropertyValueSpecification","valueRequired":true,"valueName":"search_term_string"}}],"inLanguage":"en-US"},{"@type":"Organization","@id":"https:\/\/fijaing.com\/#organization","name":"fija ing d.o.o.","url":"https:\/\/fijaing.com\/","logo":{"@type":"ImageObject","inLanguage":"en-US","@id":"https:\/\/fijaing.com\/#\/schema\/logo\/image\/","url":"https:\/\/fijaing.com\/wp-content\/uploads\/2021\/07\/fijaing_pattern_logo.png","contentUrl":"https:\/\/fijaing.com\/wp-content\/uploads\/2021\/07\/fijaing_pattern_logo.png","width":260,"height":100,"caption":"fija ing d.o.o."},"image":{"@id":"https:\/\/fijaing.com\/#\/schema\/logo\/image\/"},"sameAs":["https:\/\/web.facebook.com\/profile.php?id=100069280774761"]}]}},"_links":{"self":[{"href":"https:\/\/fijaing.com\/en\/wp-json\/wp\/v2\/pages\/472","targetHints":{"allow":["GET"]}}],"collection":[{"href":"https:\/\/fijaing.com\/en\/wp-json\/wp\/v2\/pages"}],"about":[{"href":"https:\/\/fijaing.com\/en\/wp-json\/wp\/v2\/types\/page"}],"author":[{"embeddable":true,"href":"https:\/\/fijaing.com\/en\/wp-json\/wp\/v2\/users\/1"}],"replies":[{"embeddable":true,"href":"https:\/\/fijaing.com\/en\/wp-json\/wp\/v2\/comments?post=472"}],"version-history":[{"count":40,"href":"https:\/\/fijaing.com\/en\/wp-json\/wp\/v2\/pages\/472\/revisions"}],"predecessor-version":[{"id":616,"href":"https:\/\/fijaing.com\/en\/wp-json\/wp\/v2\/pages\/472\/revisions\/616"}],"wp:attachment":[{"href":"https:\/\/fijaing.com\/en\/wp-json\/wp\/v2\/media?parent=472"}],"curies":[{"name":"wp","href":"https:\/\/api.w.org\/{rel}","templated":true}]}}